{"id":1842,"date":"2019-10-01T14:57:38","date_gmt":"2019-10-01T14:57:38","guid":{"rendered":"https:\/\/cmpitalia.com\/?page_id=1842"},"modified":"2025-05-19T14:31:42","modified_gmt":"2025-05-19T14:31:42","slug":"pagina-inicial","status":"publish","type":"page","link":"https:\/\/www.cmpitalia.com\/","title":{"rendered":"P\u00e1gina Inicial"},"content":{"rendered":"<div class=\"ef4-gtb-block wp-block-\">[vc_row full_width=&#8221;stretch_row_content&#8221; content_placement=&#8221;middle&#8221; overlay_opacity=&#8221;1&#8243; overlay_color=&#8221;rgba(192,216,208,0.5)&#8221; css=&#8221;.vc_custom_1605012728598{margin-top: -120px !important;padding-top: 200px !important;padding-bottom: 200px !important;background-image: url(https:\/\/cmpitalia.com\/wp-content\/uploads\/2020\/11\/shutterstock_1124727410.jpg?id=2094) !important;background-position: center !important;background-repeat: no-repeat !important;background-size: cover !important;}&#8221;][vc_column css=&#8221;.vc_custom_1569943866019{padding-top: 0px !important;padding-bottom: 0px !important;}&#8221;][vc_column_text font_size=&#8221;40pt&#8221; font_weight=&#8221;bold&#8221; color=&#8221;#dd9933&#8243;]<\/p>\n<h1 style=\"text-align: center;\">Cl\u00ednica M\u00e9dica Parque It\u00e1lia<\/h1>\n<p>[\/vc_column_text][\/vc_column][\/vc_row][vc_row full_width=&#8221;stretch_row_content&#8221; gap=&#8221;20&#8243; overlay_opacity=&#8221;&#8221; css=&#8221;.vc_custom_1603983726378{padding-top: 60px !important;padding-bottom: 60px !important;background-color: #8fd974 !important;}&#8221;][vc_column width=&#8221;1\/6&#8243;][\/vc_column][vc_column width=&#8221;1\/6&#8243;][\/vc_column][vc_column width=&#8221;1\/6&#8243;][vc_column_text font_weight=&#8221;Bold&#8221; font_family=&#8221;Roboto&#8221;]Marcar consulta[\/vc_column_text][vc_empty_space height=&#8221;20px&#8221;][vc_column_text color=&#8221;#ffffff&#8221;]Pode marcar a sua consulta atrav\u00e9s do contacto<br \/>\n<strong>226 005 918<\/strong>. Disponibilizamos tamb\u00e9m um servi\u00e7o de atendimento por teleconsulta, para minimizar as suas desloca\u00e7\u00f5es.[\/vc_column_text][\/vc_column][vc_column width=&#8221;1\/6&#8243;][vc_column_text font_family=&#8221;roboto&#8221;]<strong>Hor\u00e1rio de Atendimento<\/strong>[\/vc_column_text][vc_empty_space height=&#8221;20px&#8221;][vc_column_text color=&#8221;#ffffff&#8221;]Segunda a Sexta das 09:00h \u00e0s 19:30h.[\/vc_column_text][\/vc_column][vc_column width=&#8221;1\/6&#8243;][\/vc_column][vc_column width=&#8221;1\/6&#8243;][\/vc_column][\/vc_row][vc_row full_width=&#8221;stretch_row_content&#8221; gap=&#8221;30&#8243; content_placement=&#8221;bottom&#8221; overlay_opacity=&#8221;&#8221; css=&#8221;.vc_custom_1608581341394{padding-top: 120px !important;}&#8221;][vc_column width=&#8221;1\/6&#8243; css=&#8221;.vc_custom_1603967090416{padding-right: 20px !important;padding-left: 20px !important;}&#8221;][\/vc_column][vc_column width=&#8221;1\/3&#8243;][vc_column_text font_weight=&#8221;Black&#8221; font_family=&#8221;Roboto&#8221; color=&#8221;#4ca456&#8243;]<\/p>\n<h3>Cl\u00ednica M\u00e9dica Parque It\u00e1lia<\/h3>\n<p>[\/vc_column_text][vc_empty_space height=&#8221;60px&#8221;][vc_column_text]<\/p>\n<h6>A Cl\u00ednica M\u00e9dica Parque It\u00e1lia, a laborar h\u00e1 mais de 20 anos, integra especialistas experientes com \u00e1reas de diferencia\u00e7\u00e3o espec\u00edficas, mas centradas na presta\u00e7\u00e3o de cuidados de sa\u00fade individualizados \u00e0 crian\u00e7a e ao adulto, com uma filosofia de trabalho em equipa. Entendemos que a diferencia\u00e7\u00e3o de cuidados e a sua individualidade requerem um atendimento e acompanhamento pr\u00f3prios, num ambiente familiar que a nossa Cl\u00ednica disp\u00f5e. Nos \u00faltimos anos criamos um grupo de trabalho dedicado ao desenvolvimento de solu\u00e7\u00f5es inovadores na \u00e1rea da sa\u00fade, com a ambi\u00e7\u00e3o de transferir o conhecimento gerado para os utentes e os profissionais de sa\u00fade.<\/h6>\n<p>[\/vc_column_text][\/vc_column][vc_column width=&#8221;1\/3&#8243;][vc_single_image image=&#8221;1838&#8243; img_size=&#8221;full&#8221; alignment=&#8221;right&#8221;][\/vc_column][vc_column width=&#8221;1\/6&#8243;][\/vc_column][\/vc_row][vc_row full_width=&#8221;stretch_row_content&#8221; overlay_opacity=&#8221;&#8221; css=&#8221;.vc_custom_1605027142966{padding-top: 120px !important;padding-bottom: 20px !important;}&#8221;][vc_column][vc_column_text font_size=&#8221;18px&#8221;]<\/p>\n<h5 style=\"text-align: center;\">AS NOSSAS ESPECIALIDADES<\/h5>\n<p>[\/vc_column_text][vc_empty_space height=&#8221;20px&#8221;][vc_column_text font_family=&#8221;Roboto&#8221;]<\/p>\n<h2 style=\"text-align: center;\">Conhe\u00e7a a nossa equipa e as suas especialidades:<\/h2>\n<p>[\/vc_column_text][\/vc_column][\/vc_row][vc_row full_width=&#8221;stretch_row_content&#8221; gap=&#8221;10&#8243; overlay_opacity=&#8221;&#8221; css=&#8221;.vc_custom_1608141755983{padding-top: 60px !important;background-color: #ffffff !important;background-position: center !important;background-repeat: no-repeat !important;background-size: cover !important;}&#8221;][vc_column width=&#8221;1\/6&#8243;][\/vc_column][vc_column width=&#8221;1\/6&#8243; css=&#8221;.vc_custom_1605027782709{padding-right: 60px !important;padding-left: 60px !important;}&#8221;][vc_single_image image=&#8221;2164&#8243; img_size=&#8221;200&#8243; alignment=&#8221;center&#8221;][vc_empty_space height=&#8221;20px&#8221;][vc_column_text]<\/p>\n<h5 style=\"font-family: Roboto, sans-serif; text-align: center;\">Medicina do Trabalho<\/h5>\n<p>[\/vc_column_text][vc_column_text color=&#8221;#255750&#8243; css=&#8221;.vc_custom_1608631944046{padding-top: 20px !important;padding-bottom: 20px !important;}&#8221;]<\/p>\n<p style=\"text-align: center;\">Dra Filipa Rocha<\/p>\n<p>[\/vc_column_text][\/vc_column][vc_column width=&#8221;1\/6&#8243; css=&#8221;.vc_custom_1605027790302{padding-right: 60px !important;padding-left: 60px !important;}&#8221;][vc_single_image image=&#8221;2169&#8243; img_size=&#8221;200&#8243; alignment=&#8221;center&#8221;][vc_empty_space height=&#8221;20px&#8221;][vc_column_text]<\/p>\n<h5 style=\"text-align: center;\">Psiquiatria<\/h5>\n<p>[\/vc_column_text][vc_column_text css=&#8221;.vc_custom_1608631992849{padding-top: 20px !important;padding-bottom: 20px !important;}&#8221;]<\/p>\n<p style=\"font-family: roboto; text-align: center;\">Dra Ana Marques<\/p>\n<p>[\/vc_column_text][\/vc_column][vc_column width=&#8221;1\/6&#8243; css=&#8221;.vc_custom_1605027797364{padding-right: 60px !important;padding-left: 60px !important;}&#8221;][vc_single_image image=&#8221;2168&#8243; img_size=&#8221;200&#8243; alignment=&#8221;center&#8221;][vc_empty_space height=&#8221;20px&#8221;][vc_column_text]<\/p>\n<h5 style=\"text-align: center;\">Pedopsiquiatria<\/h5>\n<p>[\/vc_column_text][vc_column_text css=&#8221;.vc_custom_1608632016746{padding-top: 20px !important;padding-bottom: 20px !important;}&#8221;]<\/p>\n<p style=\"font-family: roboto; text-align: center;\">Dra Vania Martins<\/p>\n<p>[\/vc_column_text][vc_btn title=&#8221;Ver CV&#8221; style=&#8221;flat&#8221; color=&#8221;default&#8221; align=&#8221;center&#8221; i_icon_fontawesome=&#8221;fa fa-id-card-o&#8221; add_icon=&#8221;true&#8221; link=&#8221;url:https%3A%2F%2Fwww.cmpitalia.com%2F%3Fpage_id%3D2084|title:CV_DVaniaMartins|target:%20_blank|&#8221;][\/vc_column][vc_column width=&#8221;1\/6&#8243; css=&#8221;.vc_custom_1605027807325{padding-right: 60px !important;padding-left: 60px !important;}&#8221;][vc_single_image image=&#8221;2163&#8243; img_size=&#8221;200&#8243; alignment=&#8221;center&#8221;][vc_empty_space height=&#8221;20px&#8221;][vc_column_text]<\/p>\n<h5 style=\"text-align: center;\">Medicina Interna<\/h5>\n<p>[\/vc_column_text][vc_column_text css=&#8221;.vc_custom_1608632077059{padding-top: 20px !important;padding-bottom: 20px !important;}&#8221;]<\/p>\n<p style=\"font-family: roboto; text-align: center;\">Dra Rubina Silva<\/p>\n<p>[\/vc_column_text][vc_btn title=&#8221;Ver CV&#8221; style=&#8221;flat&#8221; color=&#8221;default&#8221; align=&#8221;center&#8221; i_icon_fontawesome=&#8221;fa fa-id-card-o&#8221; add_icon=&#8221;true&#8221; link=&#8221;url:https%3A%2F%2Fwww.cmpitalia.com%2F%3Fpage_id%3D2204|title:CV_DVaniaMartins|target:%20_blank|&#8221;][\/vc_column][vc_column width=&#8221;1\/6&#8243;][\/vc_column][\/vc_row][vc_row full_width=&#8221;stretch_row_content&#8221; gap=&#8221;10&#8243; overlay_opacity=&#8221;&#8221; css=&#8221;.vc_custom_1608141742632{padding-top: 60px !important;padding-bottom: 60px !important;background-color: #ffffff !important;background-position: center !important;background-repeat: no-repeat !important;background-size: cover !important;}&#8221;][vc_column width=&#8221;1\/6&#8243;][\/vc_column][vc_column width=&#8221;1\/6&#8243; css=&#8221;.vc_custom_1605027632061{padding-right: 60px !important;padding-left: 60px !important;}&#8221;][vc_single_image image=&#8221;2166&#8243; img_size=&#8221;200&#8243; alignment=&#8221;center&#8221;][vc_empty_space height=&#8221;20px&#8221;][vc_column_text]<\/p>\n<h5 style=\"font-family: Roboto, sans-serif; text-align: center;\">Pediatria<\/h5>\n<p>[\/vc_column_text][vc_column_text color=&#8221;#255750&#8243;]<\/p>\n<p style=\"text-align: center;\"><strong>Consulta de Pediatria Geral<\/strong><\/p>\n<p>[\/vc_column_text][vc_column_text color=&#8221;#255750&#8243; css=&#8221;.vc_custom_1608632108009{padding-top: 20px !important;padding-bottom: 20px !important;}&#8221;]<\/p>\n<p style=\"text-align: center;\">Dra Marta Rola<\/p>\n<p>[\/vc_column_text][vc_btn title=&#8221;Ver CV&#8221; style=&#8221;flat&#8221; color=&#8221;default&#8221; align=&#8221;center&#8221; i_icon_fontawesome=&#8221;fa fa-id-card-o&#8221; add_icon=&#8221;true&#8221; link=&#8221;url:https%3A%2F%2Fwww.cmpitalia.com%2F%3Fpage_id%3D2175|title:CV_DMartaRola|target:%20_blank|&#8221;][\/vc_column][vc_column width=&#8221;1\/6&#8243; css=&#8221;.vc_custom_1605027639649{padding-right: 60px !important;padding-left: 60px !important;}&#8221;][vc_single_image image=&#8221;2167&#8243; img_size=&#8221;200&#8243; alignment=&#8221;center&#8221;][vc_empty_space height=&#8221;20px&#8221;][vc_column_text]<\/p>\n<h5 style=\"text-align: center;\">Pediatria<\/h5>\n<p>[\/vc_column_text][vc_column_text]<\/p>\n<p style=\"font-family: roboto; text-align: center;\"><strong>Consulta de Imunoalergologia Pedi\u00e1trica<\/strong><\/p>\n<p>[\/vc_column_text][vc_column_text css=&#8221;.vc_custom_1608632150761{padding-top: 20px !important;padding-bottom: 20px !important;}&#8221;]<\/p>\n<p style=\"font-family: roboto; text-align: center;\">Dra Georgeta Oliveira<\/p>\n<p>[\/vc_column_text][vc_btn title=&#8221;Ver CV&#8221; style=&#8221;flat&#8221; color=&#8221;default&#8221; align=&#8221;center&#8221; i_icon_fontawesome=&#8221;fa fa-id-card-o&#8221; add_icon=&#8221;true&#8221; link=&#8221;url:https%3A%2F%2Fwww.cmpitalia.com%2F%3Fpage_id%3D1992|title:CV_DGeorgetaOliveira|target:%20_blank|&#8221;][\/vc_column][vc_column width=&#8221;1\/6&#8243; css=&#8221;.vc_custom_1605027657129{padding-right: 60px !important;padding-left: 60px !important;}&#8221;][vc_single_image image=&#8221;2165&#8243; img_size=&#8221;200&#8243; alignment=&#8221;center&#8221;][vc_empty_space height=&#8221;20px&#8221;][vc_column_text]<\/p>\n<h5 style=\"text-align: center;\">Pediatria<\/h5>\n<p>[\/vc_column_text][vc_column_text]<\/p>\n<p style=\"font-family: roboto; text-align: center;\"><strong>Consulta de Desenvolvimento<\/strong><\/p>\n<p>[\/vc_column_text][vc_column_text css=&#8221;.vc_custom_1608632189936{padding-top: 20px !important;padding-bottom: 20px !important;}&#8221;]<\/p>\n<p style=\"font-family: roboto; text-align: center;\">Dra Claudia Gon\u00e7alves<\/p>\n<p>[\/vc_column_text][vc_btn title=&#8221;Ver CV&#8221; style=&#8221;flat&#8221; color=&#8221;default&#8221; align=&#8221;center&#8221; i_icon_fontawesome=&#8221;fa fa-id-card-o&#8221; add_icon=&#8221;true&#8221; link=&#8221;url:https%3A%2F%2Fwww.cmpitalia.com%2F%3Fpage_id%3D2182|title:CV_DClaudiaGoncalves|target:%20_blank|&#8221;][\/vc_column][vc_column width=&#8221;1\/6&#8243; css=&#8221;.vc_custom_1605027695210{padding-right: 60px !important;padding-left: 60px !important;}&#8221;][vc_single_image image=&#8221;2170&#8243; img_size=&#8221;200&#8243; alignment=&#8221;center&#8221;][vc_empty_space height=&#8221;20px&#8221;][vc_column_text]<\/p>\n<h5 style=\"text-align: center;\">Pediatria<\/h5>\n<p>[\/vc_column_text][vc_column_text]<\/p>\n<p style=\"font-family: roboto; text-align: center;\"><strong>Consulta do Sono<\/strong><\/p>\n<p>[\/vc_column_text][vc_column_text css=&#8221;.vc_custom_1608632222406{padding-top: 20px !important;padding-bottom: 20px !important;}&#8221;]<\/p>\n<p style=\"font-family: roboto; text-align: center;\">Dra Marta Rios<\/p>\n<p>[\/vc_column_text][vc_btn title=&#8221;Ver CV&#8221; style=&#8221;flat&#8221; color=&#8221;default&#8221; align=&#8221;center&#8221; i_icon_fontawesome=&#8221;fa fa-id-card-o&#8221; add_icon=&#8221;true&#8221; link=&#8221;url:https%3A%2F%2Fwww.cmpitalia.com%2F%3Fpage_id%3D2179|title:CV_DMartaRios|target:%20_blank|&#8221;][\/vc_column][vc_column width=&#8221;1\/6&#8243;][\/vc_column][\/vc_row][vc_row full_width=&#8221;stretch_row_content&#8221; gap=&#8221;20&#8243; overlay_opacity=&#8221;&#8221; css=&#8221;.vc_custom_1605012439904{padding-bottom: 120px !important;background-color: #f5f5f5 !important;}&#8221;][vc_column width=&#8221;1\/5&#8243;][\/vc_column][vc_column width=&#8221;1\/5&#8243;][vc_single_image image=&#8221;2076&#8243; img_size=&#8221;160&#215;160&#8243; alignment=&#8221;center&#8221;][vc_empty_space height=&#8221;20px&#8221;][vc_column_text]<\/p>\n<p style=\"text-align: center;\">A utiliza\u00e7\u00e3o de m\u00e1scara \u00e9 obrigat\u00f3ria.<\/p>\n<p>[\/vc_column_text][\/vc_column][vc_column width=&#8221;1\/5&#8243;][vc_single_image image=&#8221;2077&#8243; img_size=&#8221;160&#215;160&#8243; alignment=&#8221;center&#8221;][vc_empty_space height=&#8221;20px&#8221;][vc_column_text]<\/p>\n<p style=\"text-align: center;\">Mantenha uma regular desinfe\u00e7\u00e3o das m\u00e3os.<\/p>\n<p>[\/vc_column_text][\/vc_column][vc_column width=&#8221;1\/5&#8243;][vc_single_image image=&#8221;2078&#8243; img_size=&#8221;160&#215;160&#8243; alignment=&#8221;center&#8221;][vc_empty_space height=&#8221;20px&#8221;][vc_column_text]<\/p>\n<p style=\"text-align: center;\">Respeite o distanciamento social.<\/p>\n<p>[\/vc_column_text][\/vc_column][vc_column width=&#8221;1\/5&#8243;][\/vc_column][\/vc_row][vc_row full_width=&#8221;stretch_row_content&#8221; overlay_opacity=&#8221;&#8221; css=&#8221;.vc_custom_1603991014812{padding-top: 60px !important;padding-bottom: 60px !important;background-color: #255750 !important;}&#8221;][vc_column][vc_column_text font_size=&#8221;18px&#8221; color=&#8221;#ffffff&#8221;]<\/p>\n<p style=\"text-align: center;\"><strong>CONTACTOS<\/strong><\/p>\n<p>[\/vc_column_text][\/vc_column][\/vc_row][vc_row full_width=&#8221;stretch_row_content&#8221; content_placement=&#8221;bottom&#8221; overlay_opacity=&#8221;&#8221; css=&#8221;.vc_custom_1603992736493{padding-bottom: 60px !important;background-color: #255750 !important;}&#8221;][vc_column width=&#8221;1\/6&#8243;][\/vc_column][vc_column width=&#8221;1\/6&#8243;][\/vc_column][vc_column width=&#8221;1\/6&#8243;][vc_column_text color=&#8221;#ffffff&#8221;]<strong>Email<\/strong> geral@mail.cmpitalia.com[\/vc_column_text][vc_column_text color=&#8221;#ffffff&#8221;]<strong>Telefone<\/strong> 226 005 918[\/vc_column_text][\/vc_column][vc_column width=&#8221;1\/6&#8243;][vc_column_text color=&#8221;#ffffff&#8221;]<strong>Morada<\/strong> Praceta Engenheiro Adelino Amaro da Costa 752[\/vc_column_text][vc_column_text color=&#8221;#ffffff&#8221;]2\u00ba andar 4050-012 Porto[\/vc_column_text][\/vc_column][vc_column width=&#8221;1\/6&#8243;][\/vc_column][vc_column width=&#8221;1\/6&#8243;][\/vc_column][\/vc_row][vc_row full_width=&#8221;stretch_row_content&#8221;][vc_column][vc_empty_space height=&#8221;60px&#8221;][vc_column_text font_size=&#8221;18px&#8221;]<\/p>\n<h5 style=\"text-align: center;\">LINKS \u00daTEIS E PARCERIAS<\/h5>\n<p>[\/vc_column_text][vc_empty_space height=&#8221;20px&#8221;][vc_column_text font_family=&#8221;Roboto&#8221;]<\/p>\n<h2 style=\"text-align: center;\">Conhe\u00e7a os projetos das nossas parcerias e outros links \u00fateis:<\/h2>\n<p>[\/vc_column_text][vc_empty_space height=&#8221;20px&#8221;][\/vc_column][\/vc_row][vc_row full_width=&#8221;stretch_row_content&#8221; gap=&#8221;30&#8243; overlay_opacity=&#8221;&#8221; css=&#8221;.vc_custom_1608142849914{padding-top: 60px !important;padding-bottom: 60px !important;}&#8221;][vc_column width=&#8221;1\/4&#8243;][\/vc_column][vc_column width=&#8221;1\/4&#8243; css=&#8221;.vc_custom_1603983374092{padding-top: 20px !important;padding-right: 20px !important;padding-bottom: 20px !important;padding-left: 20px !important;background-color: #ececec !important;}&#8221;][vc_single_image image=&#8221;2118&#8243; alignment=&#8221;center&#8221; css=&#8221;.vc_custom_1609257054232{padding-top: 20px !important;}&#8221;][vc_empty_space height=&#8221;20px&#8221;][vc_column_text]<\/p>\n<h5><a href=\"https:\/\/www.facebook.com\/aquihamaes\" target=\"_blank\" rel=\"noopener noreferrer\">Aqui H\u00e1 M\u00e3es<\/a><\/h5>\n<p>[\/vc_column_text][vc_column_text css=&#8221;.vc_custom_1608142228625{padding-top: 20px !important;}&#8221;]Programa sobre Maternidade, onde Especialistas da \u00e1rea da Sa\u00fade falam de forma simples e esclarecedora sobre as principais d\u00favidas que surgem aos Pais durante o crescimento dos filhos.[\/vc_column_text][vc_btn title=&#8221;Saber mais&#8221; style=&#8221;classic&#8221; color=&#8221;default&#8221; css=&#8221;.vc_custom_1608142037467{padding-top: 20px !important;}&#8221; link=&#8221;url:https%3A%2F%2Fwww.facebook.com%2Faquihamaes|||&#8221;][\/vc_column][vc_column width=&#8221;1\/4&#8243; css=&#8221;.vc_custom_1609257224928{padding-top: 20px !important;padding-right: 20px !important;padding-bottom: 20px !important;padding-left: 20px !important;background-color: #ececec !important;}&#8221;][vc_single_image image=&#8221;2120&#8243; alignment=&#8221;center&#8221; css=&#8221;.vc_custom_1609257255392{padding-top: 20px !important;}&#8221;][vc_empty_space height=&#8221;20px&#8221;][vc_column_text]<\/p>\n<h5>Outros Links \u00dateis<\/h5>\n<p>[\/vc_column_text][vc_empty_space height=&#8221;20px&#8221;][vc_column_text]<a href=\"https:\/\/www.spp.pt\/\" target=\"_blank\" rel=\"noopener noreferrer\">Sociedade Portuguesa de Pediatria<\/a>[\/vc_column_text][vc_empty_space height=&#8221;20px&#8221;][vc_column_text]<a href=\"https:\/\/www.spmi.pt\/\" target=\"_blank\" rel=\"noopener noreferrer\">Sociedade Portuguesa de Medicina Interna<\/a>[\/vc_column_text][vc_empty_space height=&#8221;20px&#8221;][vc_column_text]<a href=\"https:\/\/www.sppsm.org\/\" target=\"_blank\" rel=\"noopener noreferrer\">Sociedade Portuguesa de Psiquiatria e Sa\u00fade Mental<\/a>[\/vc_column_text][\/vc_column][vc_column width=&#8221;1\/4&#8243;][\/vc_column][\/vc_row]<\/div>\n","protected":false},"excerpt":{"rendered":"<p>[vc_row full_width=&#8221;stretch_row_content&#8221; content_placement=&#8221;middle&#8221; overlay_opacity=&#8221;1&#8243; overlay_color=&#8221;rgba(192,216,208,0.5)&#8221; css=&#8221;.vc_custom_1605012728598{margin-top: -120px !important;padding-top: 200px !important;padding-bottom: 200px !important;background-image: url(https:\/\/cmpitalia.com\/wp-content\/uploads\/2020\/11\/shutterstock_1124727410.jpg?id=2094) !important;background-position: center !important;background-repeat: no-repeat !important;background-size: cover !important;}&#8221;][vc_column css=&#8221;.vc_custom_1569943866019{padding-top: 0px !important;padding-bottom: 0px !important;}&#8221;][vc_column_text font_size=&#8221;40pt&#8221; font_weight=&#8221;bold&#8221; color=&#8221;#dd9933&#8243;] Cl\u00ednica M\u00e9dica Parque It\u00e1lia [\/vc_column_text][\/vc_column][\/vc_row][vc_row full_width=&#8221;stretch_row_content&#8221; gap=&#8221;20&#8243; overlay_opacity=&#8221;&#8221; css=&#8221;.vc_custom_1603983726378{padding-top: 60px !important;padding-bottom: 60px !important;background-color: #8fd974 !important;}&#8221;][vc_column width=&#8221;1\/6&#8243;][\/vc_column][vc_column width=&#8221;1\/6&#8243;][\/vc_column][vc_column width=&#8221;1\/6&#8243;][vc_column_text font_weight=&#8221;Bold&#8221; font_family=&#8221;Roboto&#8221;]Marcar consulta[\/vc_column_text][vc_empty_space height=&#8221;20px&#8221;][vc_column_text color=&#8221;#ffffff&#8221;]Pode marcar a sua consulta<\/p>\n","protected":false},"author":1,"featured_media":0,"parent":0,"menu_order":0,"comment_status":"closed","ping_status":"closed","template":"","meta":{"footnotes":""},"_links":{"self":[{"href":"https:\/\/www.cmpitalia.com\/index.php?rest_route=\/wp\/v2\/pages\/1842"}],"collection":[{"href":"https:\/\/www.cmpitalia.com\/index.php?rest_route=\/wp\/v2\/pages"}],"about":[{"href":"https:\/\/www.cmpitalia.com\/index.php?rest_route=\/wp\/v2\/types\/page"}],"author":[{"embeddable":true,"href":"https:\/\/www.cmpitalia.com\/index.php?rest_route=\/wp\/v2\/users\/1"}],"replies":[{"embeddable":true,"href":"https:\/\/www.cmpitalia.com\/index.php?rest_route=%2Fwp%2Fv2%2Fcomments&post=1842"}],"version-history":[{"count":97,"href":"https:\/\/www.cmpitalia.com\/index.php?rest_route=\/wp\/v2\/pages\/1842\/revisions"}],"predecessor-version":[{"id":2252,"href":"https:\/\/www.cmpitalia.com\/index.php?rest_route=\/wp\/v2\/pages\/1842\/revisions\/2252"}],"wp:attachment":[{"href":"https:\/\/www.cmpitalia.com\/index.php?rest_route=%2Fwp%2Fv2%2Fmedia&parent=1842"}],"curies":[{"name":"wp","href":"https:\/\/api.w.org\/{rel}","templated":true}]}}