{"id":2084,"date":"2020-11-05T12:04:02","date_gmt":"2020-11-05T12:04:02","guid":{"rendered":"https:\/\/cmpitalia.com\/?page_id=2084"},"modified":"2020-12-22T15:04:38","modified_gmt":"2020-12-22T15:04:38","slug":"cv_dvaniamartins","status":"publish","type":"page","link":"https:\/\/www.cmpitalia.com\/?page_id=2084","title":{"rendered":"CV_DVaniaMartins"},"content":{"rendered":"<div class=\"ef4-gtb-block wp-block-\">[vc_row full_width=&#8221;stretch_row_content&#8221; gap=&#8221;20&#8243; equal_height=&#8221;yes&#8221; content_placement=&#8221;bottom&#8221; overlay_opacity=&#8221;&#8221; bg_fixed=&#8221;true&#8221; css=&#8221;.vc_custom_1608649462542{margin-top: -120px !important;padding-top: 200px !important;padding-bottom: 60px !important;background-image: url(https:\/\/cmpitalia.com\/wp-content\/uploads\/2019\/10\/image-from-rawpixel-id-513487-jpeg.jpg?id=1883) !important;background-position: center !important;background-repeat: no-repeat !important;background-size: cover !important;}&#8221;][vc_column width=&#8221;1\/6&#8243;][\/vc_column][vc_column width=&#8221;1\/3&#8243;][vc_column_text]<\/p>\n<h4 style=\"text-align: right;\">Dra V\u00e2nia Graziela de Moura Martins Miranda<\/h4>\n<p>[\/vc_column_text][vc_empty_space height=&#8221;20px&#8221;][\/vc_column][vc_column width=&#8221;1\/3&#8243;][vc_single_image image=&#8221;2168&#8243; img_size=&#8221;200&#8243;][\/vc_column][vc_column width=&#8221;1\/6&#8243;][\/vc_column][\/vc_row][vc_row full_width=&#8221;stretch_row_content&#8221; gap=&#8221;20&#8243; content_placement=&#8221;middle&#8221; overlay_opacity=&#8221;&#8221; css=&#8221;.vc_custom_1604403798837{padding-top: 60px !important;padding-bottom: 60px !important;background-color: #8fd974 !important;}&#8221;][vc_column width=&#8221;1\/6&#8243;][\/vc_column][vc_column width=&#8221;1\/3&#8243;][vc_single_image image=&#8221;2026&#8243; img_size=&#8221;100&#8243; alignment=&#8221;right&#8221; css=&#8221;.vc_custom_1604403678052{padding-right: 60px !important;}&#8221;][\/vc_column][vc_column width=&#8221;1\/3&#8243;][vc_column_text]<\/p>\n<h5>\u00c1reas de diferencia\u00e7\u00e3o<\/h5>\n<p>[\/vc_column_text][vc_column_text]<\/p>\n<p style=\"text-align: left;\">Pedopsiquiatria<\/p>\n<p>[\/vc_column_text][\/vc_column][vc_column width=&#8221;1\/6&#8243;][\/vc_column][\/vc_row][vc_row full_width=&#8221;stretch_row_content&#8221; gap=&#8221;30&#8243; overlay_opacity=&#8221;&#8221; css=&#8221;.vc_custom_1604479763510{padding-top: 60px !important;padding-bottom: 60px !important;}&#8221;][vc_column width=&#8221;1\/6&#8243;][\/vc_column][vc_column width=&#8221;2\/3&#8243;][vc_column_text]<\/p>\n<h3 style=\"text-align: center;\">Forma\u00e7\u00e3o Acad\u00e9mica<\/h3>\n<p>[\/vc_column_text][\/vc_column][vc_column width=&#8221;1\/6&#8243;][\/vc_column][\/vc_row][vc_row full_width=&#8221;stretch_row_content&#8221; gap=&#8221;20&#8243;][vc_column width=&#8221;1\/6&#8243;][\/vc_column][vc_column width=&#8221;1\/6&#8243;][vc_single_image image=&#8221;2092&#8243; img_size=&#8221;100&#215;100&#8243; alignment=&#8221;right&#8221;][\/vc_column][vc_column width=&#8221;1\/2&#8243;][vc_column_text]<\/p>\n<p style=\"text-align: left;\">Licenciatura em Medicina pela Faculdade de Medicina da Universidade do Porto<\/p>\n<p>[\/vc_column_text][\/vc_column][vc_column width=&#8221;1\/6&#8243;][\/vc_column][\/vc_row][vc_row full_width=&#8221;stretch_row_content&#8221; gap=&#8221;30&#8243; overlay_opacity=&#8221;&#8221; css=&#8221;.vc_custom_1604479763510{padding-top: 60px !important;padding-bottom: 60px !important;}&#8221;][vc_column width=&#8221;1\/6&#8243;][\/vc_column][vc_column width=&#8221;2\/3&#8243;][vc_column_text]<\/p>\n<h3 style=\"text-align: center;\">Atividade Cl\u00ednica<\/h3>\n<p>[\/vc_column_text][\/vc_column][vc_column width=&#8221;1\/6&#8243;][\/vc_column][\/vc_row][vc_row full_width=&#8221;stretch_row_content&#8221; gap=&#8221;20&#8243;][vc_column width=&#8221;1\/6&#8243;][\/vc_column][vc_column width=&#8221;1\/6&#8243;][vc_single_image image=&#8221;2057&#8243; img_size=&#8221;84&#215;100&#8243; alignment=&#8221;right&#8221;][\/vc_column][vc_column width=&#8221;1\/2&#8243;][vc_column_text]Assistente Hospitalar Graduada de Pedopsiquiatria no servi\u00e7o 0-12 anos do Departamento de Pedopsiquiatria, Centro Materno Infantil do Norte, Centro Hospitalar Universit\u00e1rio do Porto.<\/p>\n<p>Assistente Hospitalar Graduada de Pedopsiquiatria na unidade de 1\u00aa Inf\u00e2ncia, Departamento de Pedopsiquiatria, Centro Materno Infantil do Norte, Centro Hospitalar Universit\u00e1rio do Porto.<\/p>\n<p>Respons\u00e1vel pela Consulta de Perturba\u00e7\u00f5es do Espectro do Autismo do Departamento de Pedopsiquiatria, Centro Materno Infantil do Norte, Centro Hospitalar Universit\u00e1rio do Porto[\/vc_column_text][\/vc_column][vc_column width=&#8221;1\/6&#8243;][\/vc_column][\/vc_row][vc_row full_width=&#8221;stretch_row_content&#8221; overlay_opacity=&#8221;&#8221; css=&#8221;.vc_custom_1604402051324{padding-top: 60px !important;padding-bottom: 60px !important;}&#8221;][vc_column width=&#8221;1\/6&#8243;][\/vc_column][vc_column width=&#8221;2\/3&#8243;][vc_column_text]<\/p>\n<h3 style=\"text-align: center;\">Atividade Cient\u00edfica e Forma\u00e7\u00f5es Espec\u00edficas<\/h3>\n<p>[\/vc_column_text][\/vc_column][vc_column width=&#8221;1\/6&#8243;][\/vc_column][\/vc_row][vc_row full_width=&#8221;stretch_row_content&#8221; gap=&#8221;20&#8243;][vc_column width=&#8221;1\/6&#8243;][\/vc_column][vc_column width=&#8221;1\/6&#8243;][vc_single_image image=&#8221;2063&#8243; img_size=&#8221;100&#215;79&#8243; alignment=&#8221;right&#8221;][\/vc_column][vc_column width=&#8221;1\/2&#8243;][vc_column_text]<\/p>\n<p>Interven\u00e7\u00e3o e avalia\u00e7\u00e3o nas Perturba\u00e7\u00f5es do Espectro do Autismo: Floor-time (programa DIR), escalas ADOS e ADI-R.<\/p>\n<p>L\u00edder de grupos de treino parental do programa \u201cAnos Incriveis\u201d, b\u00e1sico (2-8 anos) e beb\u00e9s (1\u00ba ano de vida).<\/p>\n<p>Forma\u00e7\u00e3o te\u00f3rica em terapia familiar pela sociedade portuguesa de terapia familiar.<\/p>\n<p>Colabora\u00e7\u00e3o em diversos trabalhos de investiga\u00e7\u00e3o na \u00e1rea das Perturba\u00e7\u00f5es do Espetro do Autismo e Problemas de comportamento.<\/p>\n<p>Trabalhos publicados sob o formato de artigos cient\u00edficos e livro.<\/p>\n<p>[\/vc_column_text][\/vc_column][vc_column width=&#8221;1\/6&#8243;][\/vc_column][\/vc_row]<\/p><\/div>\n","protected":false},"excerpt":{"rendered":"<p>[vc_row full_width=&#8221;stretch_row_content&#8221; gap=&#8221;20&#8243; equal_height=&#8221;yes&#8221; content_placement=&#8221;bottom&#8221; overlay_opacity=&#8221;&#8221; bg_fixed=&#8221;true&#8221; css=&#8221;.vc_custom_1608649462542{margin-top: -120px !important;padding-top: 200px !important;padding-bottom: 60px !important;background-image: url(https:\/\/cmpitalia.com\/wp-content\/uploads\/2019\/10\/image-from-rawpixel-id-513487-jpeg.jpg?id=1883) !important;background-position: center !important;background-repeat: no-repeat !important;background-size: cover !important;}&#8221;][vc_column width=&#8221;1\/6&#8243;][\/vc_column][vc_column width=&#8221;1\/3&#8243;][vc_column_text] Dra V\u00e2nia Graziela de Moura Martins Miranda [\/vc_column_text][vc_empty_space height=&#8221;20px&#8221;][\/vc_column][vc_column width=&#8221;1\/3&#8243;][vc_single_image image=&#8221;2168&#8243; img_size=&#8221;200&#8243;][\/vc_column][vc_column width=&#8221;1\/6&#8243;][\/vc_column][\/vc_row][vc_row full_width=&#8221;stretch_row_content&#8221; gap=&#8221;20&#8243; content_placement=&#8221;middle&#8221; overlay_opacity=&#8221;&#8221; css=&#8221;.vc_custom_1604403798837{padding-top: 60px !important;padding-bottom: 60px !important;background-color: #8fd974 !important;}&#8221;][vc_column width=&#8221;1\/6&#8243;][\/vc_column][vc_column width=&#8221;1\/3&#8243;][vc_single_image image=&#8221;2026&#8243; img_size=&#8221;100&#8243; alignment=&#8221;right&#8221; css=&#8221;.vc_custom_1604403678052{padding-right: 60px<\/p>\n","protected":false},"author":1,"featured_media":0,"parent":0,"menu_order":0,"comment_status":"closed","ping_status":"closed","template":"","meta":{"footnotes":""},"_links":{"self":[{"href":"https:\/\/www.cmpitalia.com\/index.php?rest_route=\/wp\/v2\/pages\/2084"}],"collection":[{"href":"https:\/\/www.cmpitalia.com\/index.php?rest_route=\/wp\/v2\/pages"}],"about":[{"href":"https:\/\/www.cmpitalia.com\/index.php?rest_route=\/wp\/v2\/types\/page"}],"author":[{"embeddable":true,"href":"https:\/\/www.cmpitalia.com\/index.php?rest_route=\/wp\/v2\/users\/1"}],"replies":[{"embeddable":true,"href":"https:\/\/www.cmpitalia.com\/index.php?rest_route=%2Fwp%2Fv2%2Fcomments&post=2084"}],"version-history":[{"count":8,"href":"https:\/\/www.cmpitalia.com\/index.php?rest_route=\/wp\/v2\/pages\/2084\/revisions"}],"predecessor-version":[{"id":2202,"href":"https:\/\/www.cmpitalia.com\/index.php?rest_route=\/wp\/v2\/pages\/2084\/revisions\/2202"}],"wp:attachment":[{"href":"https:\/\/www.cmpitalia.com\/index.php?rest_route=%2Fwp%2Fv2%2Fmedia&parent=2084"}],"curies":[{"name":"wp","href":"https:\/\/api.w.org\/{rel}","templated":true}]}}