{"id":2179,"date":"2020-12-22T10:37:19","date_gmt":"2020-12-22T10:37:19","guid":{"rendered":"https:\/\/cmpitalia.com\/?page_id=2179"},"modified":"2021-02-11T13:42:39","modified_gmt":"2021-02-11T13:42:39","slug":"cv_dmartarios","status":"publish","type":"page","link":"https:\/\/www.cmpitalia.com\/?page_id=2179","title":{"rendered":"CV_DMartaRios"},"content":{"rendered":"<div class=\"ef4-gtb-block wp-block-\">[vc_row full_width=&#8221;stretch_row_content&#8221; gap=&#8221;20&#8243; equal_height=&#8221;yes&#8221; content_placement=&#8221;bottom&#8221; overlay_opacity=&#8221;&#8221; bg_fixed=&#8221;true&#8221; css=&#8221;.vc_custom_1608649394161{margin-top: -120px !important;padding-top: 200px !important;padding-bottom: 60px !important;background-image: url(https:\/\/cmpitalia.com\/wp-content\/uploads\/2019\/10\/image-from-rawpixel-id-513487-jpeg.jpg?id=1883) !important;background-position: center !important;background-repeat: no-repeat !important;background-size: cover !important;}&#8221;][vc_column width=&#8221;1\/6&#8243;][\/vc_column][vc_column width=&#8221;1\/3&#8243;][vc_column_text]<\/p>\n<h4 style=\"text-align: right;\">Dra Marta Rios<\/h4>\n<p>[\/vc_column_text][vc_empty_space height=&#8221;20px&#8221;][vc_column_text]<\/p>\n<h5 style=\"text-align: right;\">Especialidade<\/h5>\n<p>[\/vc_column_text][vc_column_text]<\/p>\n<p style=\"text-align: right;\">Pediatria<\/p>\n<p>[\/vc_column_text][\/vc_column][vc_column width=&#8221;1\/3&#8243;][vc_single_image image=&#8221;2170&#8243; img_size=&#8221;200&#8243;][\/vc_column][vc_column width=&#8221;1\/6&#8243;][\/vc_column][\/vc_row][vc_row full_width=&#8221;stretch_row_content&#8221; gap=&#8221;20&#8243; content_placement=&#8221;middle&#8221; overlay_opacity=&#8221;&#8221; css=&#8221;.vc_custom_1604403798837{padding-top: 60px !important;padding-bottom: 60px !important;background-color: #8fd974 !important;}&#8221;][vc_column width=&#8221;1\/6&#8243;][\/vc_column][vc_column width=&#8221;1\/3&#8243;][vc_single_image image=&#8221;2026&#8243; img_size=&#8221;100&#8243; alignment=&#8221;right&#8221; css=&#8221;.vc_custom_1604403678052{padding-right: 60px !important;}&#8221;][\/vc_column][vc_column width=&#8221;1\/3&#8243;][vc_column_text]<\/p>\n<h5>\u00c1reas de diferencia\u00e7\u00e3o<\/h5>\n<p>[\/vc_column_text][vc_column_text]<\/p>\n<p style=\"text-align: left;\">Medicina do Sono<\/p>\n<p>[\/vc_column_text][\/vc_column][vc_column width=&#8221;1\/6&#8243;][\/vc_column][\/vc_row][vc_row full_width=&#8221;stretch_row_content&#8221; gap=&#8221;30&#8243; overlay_opacity=&#8221;&#8221; css=&#8221;.vc_custom_1604479763510{padding-top: 60px !important;padding-bottom: 60px !important;}&#8221;][vc_column width=&#8221;1\/6&#8243;][\/vc_column][vc_column width=&#8221;2\/3&#8243;][vc_column_text]<\/p>\n<h3 style=\"text-align: center;\">Forma\u00e7\u00e3o Acad\u00e9mica<\/h3>\n<p>[\/vc_column_text][\/vc_column][vc_column width=&#8221;1\/6&#8243;][\/vc_column][\/vc_row][vc_row full_width=&#8221;stretch_row_content&#8221; gap=&#8221;20&#8243;][vc_column width=&#8221;1\/6&#8243;][\/vc_column][vc_column width=&#8221;1\/6&#8243;][vc_single_image image=&#8221;2092&#8243; img_size=&#8221;100&#215;100&#8243; alignment=&#8221;right&#8221;][\/vc_column][vc_column width=&#8221;1\/2&#8243;][vc_column_text]2004 &#8211; Licenciatura em Medicina pela Faculdade de Medicina da Universidade de Coimbra[\/vc_column_text][\/vc_column][vc_column width=&#8221;1\/6&#8243;][\/vc_column][\/vc_row][vc_row full_width=&#8221;stretch_row_content&#8221; gap=&#8221;30&#8243; overlay_opacity=&#8221;&#8221; css=&#8221;.vc_custom_1604479763510{padding-top: 60px !important;padding-bottom: 60px !important;}&#8221;][vc_column width=&#8221;1\/6&#8243;][\/vc_column][vc_column width=&#8221;2\/3&#8243;][vc_column_text]<\/p>\n<h3 style=\"text-align: center;\">Atividade Cl\u00ednica<\/h3>\n<p>[\/vc_column_text][\/vc_column][vc_column width=&#8221;1\/6&#8243;][\/vc_column][\/vc_row][vc_row full_width=&#8221;stretch_row_content&#8221; gap=&#8221;20&#8243;][vc_column width=&#8221;1\/6&#8243;][\/vc_column][vc_column width=&#8221;1\/6&#8243;][vc_single_image image=&#8221;2057&#8243; img_size=&#8221;84&#215;100&#8243; alignment=&#8221;right&#8221;][\/vc_column][vc_column width=&#8221;1\/2&#8243;][vc_column_text]2005 &#8211; Ano Comum do Internato M\u00e9dico no Centro Hospitalar de Coimbra<\/p>\n<p>2006 a 2011 &#8211; Internato Complementar de Pediatria no Hospital Geral de Santo Ant\u00f3nio\/Centro Hospitalar do Porto (CHP)<\/p>\n<p>2012 &#8211; Grau de Especialista em Pediatria M\u00e9dica pela Ordem dos M\u00e9dicos<\/p>\n<p>2012 &#8211; Assistente eventual de Pediatria no Servi\u00e7o de Cuidados Intensivos Pedi\u00e1tricos do CHP<\/p>\n<p>Desde 2013 &#8211; Assistente Hospitalar de Pediatria no Servi\u00e7o de Pediatria do Centro Materno-Infantil do Norte (CMIN) \u2013 Centro Hospitalar e Universit\u00e1rio do Porto (CHUP)<\/p>\n<p>2014 a 2017 &#8211; Forma\u00e7\u00e3o em Medicina do Sono com realiza\u00e7\u00e3o de est\u00e1gios em centros de refer\u00eancia, nomeadamente no Servi\u00e7o de Neurofisiologia do CHP, Hospital Pedi\u00e1trico de Coimbra e Hospital S\u00b4Andrea em Roma<\/p>\n<p>Desde 2014 &#8211; Respons\u00e1vel pela consulta de Pediatria-Patologia do Sono do CMIN-CHUP<\/p>\n<p>Desde 2014 &#8211; Leitura e interpreta\u00e7\u00e3o de estudos do sono no Servi\u00e7o de Neurofisiologia do CHUP<\/p>\n<p>Desde 2018 &#8211; Respons\u00e1vel pelos estudos do sono pedi\u00e1tricos do CMIN-CHUP<\/p>\n<p>2019 &#8211; Compet\u00eancia em Medicina do Sono pela <em>European Sleep Research Society<\/em><\/p>\n<p>2020 &#8211; Compet\u00eancia em Medicina do Sono pela Ordem dos M\u00e9dicos[\/vc_column_text][\/vc_column][vc_column width=&#8221;1\/6&#8243;][\/vc_column][\/vc_row][vc_row full_width=&#8221;stretch_row_content&#8221; overlay_opacity=&#8221;&#8221; css=&#8221;.vc_custom_1604402051324{padding-top: 60px !important;padding-bottom: 60px !important;}&#8221;][vc_column width=&#8221;1\/6&#8243;][\/vc_column][vc_column width=&#8221;2\/3&#8243;][vc_column_text]<\/p>\n<h3 style=\"text-align: center;\">Atividade Cient\u00edfica e Formativa<\/h3>\n<p>[\/vc_column_text][\/vc_column][vc_column width=&#8221;1\/6&#8243;][\/vc_column][\/vc_row][vc_row full_width=&#8221;stretch_row_content&#8221; gap=&#8221;20&#8243;][vc_column width=&#8221;1\/6&#8243;][\/vc_column][vc_column width=&#8221;1\/6&#8243;][vc_single_image image=&#8221;2063&#8243; img_size=&#8221;100&#215;79&#8243; alignment=&#8221;right&#8221;][\/vc_column][vc_column width=&#8221;1\/2&#8243;][vc_column_text]Publica\u00e7\u00e3o de cap\u00edtulos de livros, artigos cient\u00edficos e resumos de trabalhos<\/p>\n<p>Comunica\u00e7\u00f5es p\u00fablicas em reuni\u00f5es cient\u00edficas nacionais e internacionais<\/p>\n<p>Atividade como formadora no \u00e2mbito da Medicina do Sono em cursos para profissionais de sa\u00fade e sess\u00f5es de esclarecimento para a popula\u00e7\u00e3o em geral<\/p>\n<p>Forma\u00e7\u00e3o de internos de Pediatria, Medicina Geral e Familiar e do Ano Comum<\/p>\n<p>Sociedades cient\u00edficas a que pertence: <em>World Sleep Society, European Sleep Research Society<\/em> (ESRS), <em>International Pediatric Sleep Assotiation<\/em> (IPSA), Associa\u00e7\u00e3o Portuguesa do Sono (APS), Sociedade Portuguesa de Pediatria (SPP), Associa\u00e7\u00e3o para o Desenvolvimento e Ensino Materno Infantil (ADEMI)[\/vc_column_text][\/vc_column][vc_column width=&#8221;1\/6&#8243;][\/vc_column][\/vc_row]<\/div>\n","protected":false},"excerpt":{"rendered":"<p>[vc_row full_width=&#8221;stretch_row_content&#8221; gap=&#8221;20&#8243; equal_height=&#8221;yes&#8221; content_placement=&#8221;bottom&#8221; overlay_opacity=&#8221;&#8221; bg_fixed=&#8221;true&#8221; css=&#8221;.vc_custom_1608649394161{margin-top: -120px !important;padding-top: 200px !important;padding-bottom: 60px !important;background-image: url(https:\/\/cmpitalia.com\/wp-content\/uploads\/2019\/10\/image-from-rawpixel-id-513487-jpeg.jpg?id=1883) !important;background-position: center !important;background-repeat: no-repeat !important;background-size: cover !important;}&#8221;][vc_column width=&#8221;1\/6&#8243;][\/vc_column][vc_column width=&#8221;1\/3&#8243;][vc_column_text] Dra Marta Rios [\/vc_column_text][vc_empty_space height=&#8221;20px&#8221;][vc_column_text] Especialidade [\/vc_column_text][vc_column_text] Pediatria [\/vc_column_text][\/vc_column][vc_column width=&#8221;1\/3&#8243;][vc_single_image image=&#8221;2170&#8243; img_size=&#8221;200&#8243;][\/vc_column][vc_column width=&#8221;1\/6&#8243;][\/vc_column][\/vc_row][vc_row full_width=&#8221;stretch_row_content&#8221; gap=&#8221;20&#8243; content_placement=&#8221;middle&#8221; overlay_opacity=&#8221;&#8221; css=&#8221;.vc_custom_1604403798837{padding-top: 60px !important;padding-bottom: 60px !important;background-color: #8fd974 !important;}&#8221;][vc_column width=&#8221;1\/6&#8243;][\/vc_column][vc_column width=&#8221;1\/3&#8243;][vc_single_image image=&#8221;2026&#8243; img_size=&#8221;100&#8243; alignment=&#8221;right&#8221; css=&#8221;.vc_custom_1604403678052{padding-right: 60px<\/p>\n","protected":false},"author":1,"featured_media":0,"parent":0,"menu_order":0,"comment_status":"closed","ping_status":"closed","template":"","meta":{"footnotes":""},"_links":{"self":[{"href":"https:\/\/www.cmpitalia.com\/index.php?rest_route=\/wp\/v2\/pages\/2179"}],"collection":[{"href":"https:\/\/www.cmpitalia.com\/index.php?rest_route=\/wp\/v2\/pages"}],"about":[{"href":"https:\/\/www.cmpitalia.com\/index.php?rest_route=\/wp\/v2\/types\/page"}],"author":[{"embeddable":true,"href":"https:\/\/www.cmpitalia.com\/index.php?rest_route=\/wp\/v2\/users\/1"}],"replies":[{"embeddable":true,"href":"https:\/\/www.cmpitalia.com\/index.php?rest_route=%2Fwp%2Fv2%2Fcomments&post=2179"}],"version-history":[{"count":6,"href":"https:\/\/www.cmpitalia.com\/index.php?rest_route=\/wp\/v2\/pages\/2179\/revisions"}],"predecessor-version":[{"id":2245,"href":"https:\/\/www.cmpitalia.com\/index.php?rest_route=\/wp\/v2\/pages\/2179\/revisions\/2245"}],"wp:attachment":[{"href":"https:\/\/www.cmpitalia.com\/index.php?rest_route=%2Fwp%2Fv2%2Fmedia&parent=2179"}],"curies":[{"name":"wp","href":"https:\/\/api.w.org\/{rel}","templated":true}]}}