{"id":2204,"date":"2020-12-22T15:21:19","date_gmt":"2020-12-22T15:21:19","guid":{"rendered":"https:\/\/cmpitalia.com\/?page_id=2204"},"modified":"2020-12-22T15:21:19","modified_gmt":"2020-12-22T15:21:19","slug":"cv_drubinasilva","status":"publish","type":"page","link":"https:\/\/www.cmpitalia.com\/?page_id=2204","title":{"rendered":"CV_DRubinaSilva"},"content":{"rendered":"<div class=\"ef4-gtb-block wp-block-\">[vc_row full_width=&#8221;stretch_row_content&#8221; gap=&#8221;20&#8243; equal_height=&#8221;yes&#8221; content_placement=&#8221;bottom&#8221; overlay_opacity=&#8221;&#8221; bg_fixed=&#8221;true&#8221; css=&#8221;.vc_custom_1608649462542{margin-top: -120px !important;padding-top: 200px !important;padding-bottom: 60px !important;background-image: url(https:\/\/cmpitalia.com\/wp-content\/uploads\/2019\/10\/image-from-rawpixel-id-513487-jpeg.jpg?id=1883) !important;background-position: center !important;background-repeat: no-repeat !important;background-size: cover !important;}&#8221;][vc_column width=&#8221;1\/6&#8243;][\/vc_column][vc_column width=&#8221;1\/3&#8243;][vc_column_text]<\/p>\n<h4 style=\"text-align: right;\">Dra Rubina Cla\u0301udia Andrade e Silva<\/h4>\n<p>[\/vc_column_text][vc_empty_space height=&#8221;20px&#8221;][\/vc_column][vc_column width=&#8221;1\/3&#8243;][vc_single_image image=&#8221;2163&#8243; img_size=&#8221;200&#8243;][\/vc_column][vc_column width=&#8221;1\/6&#8243;][\/vc_column][\/vc_row][vc_row full_width=&#8221;stretch_row_content&#8221; gap=&#8221;20&#8243; content_placement=&#8221;middle&#8221; overlay_opacity=&#8221;&#8221; css=&#8221;.vc_custom_1604403798837{padding-top: 60px !important;padding-bottom: 60px !important;background-color: #8fd974 !important;}&#8221;][vc_column width=&#8221;1\/6&#8243;][\/vc_column][vc_column width=&#8221;1\/3&#8243;][vc_single_image image=&#8221;2026&#8243; img_size=&#8221;100&#8243; alignment=&#8221;right&#8221; css=&#8221;.vc_custom_1604403678052{padding-right: 60px !important;}&#8221;][\/vc_column][vc_column width=&#8221;1\/3&#8243;][vc_column_text]<\/p>\n<h5>\u00c1reas de diferencia\u00e7\u00e3o<\/h5>\n<p>[\/vc_column_text][vc_column_text]<\/p>\n<p style=\"text-align: left;\">Medicina Interna<\/p>\n<p>[\/vc_column_text][\/vc_column][vc_column width=&#8221;1\/6&#8243;][\/vc_column][\/vc_row][vc_row full_width=&#8221;stretch_row_content&#8221; gap=&#8221;30&#8243; overlay_opacity=&#8221;&#8221; css=&#8221;.vc_custom_1604479763510{padding-top: 60px !important;padding-bottom: 60px !important;}&#8221;][vc_column width=&#8221;1\/6&#8243;][\/vc_column][vc_column width=&#8221;2\/3&#8243;][vc_column_text]<\/p>\n<h3 style=\"text-align: center;\">Forma\u00e7\u00e3o Acad\u00e9mica<\/h3>\n<p>[\/vc_column_text][\/vc_column][vc_column width=&#8221;1\/6&#8243;][\/vc_column][\/vc_row][vc_row full_width=&#8221;stretch_row_content&#8221; gap=&#8221;20&#8243;][vc_column width=&#8221;1\/6&#8243;][\/vc_column][vc_column width=&#8221;1\/6&#8243;][vc_single_image image=&#8221;2092&#8243; img_size=&#8221;100&#215;100&#8243; alignment=&#8221;right&#8221;][\/vc_column][vc_column width=&#8221;1\/2&#8243;][vc_column_text]<\/p>\n<div class=\"page\" title=\"Page 1\">\n<div class=\"section\">\n<div class=\"layoutArea\">\n<div class=\"column\">\n<p>OUT 19 \u2013 16 JUL 20 Po\u0301s graduac\u0327a\u0303o em Cuidados Paliativos \u2013 Escola Superior de Sau\u0301de de Santa Maria<\/p>\n<p>JAN 02 \u2013 21 FEV 08 Especialista de Medicina Interna \u2013 ULS Matosinhos<\/p>\n<p>SET 93 \u2013 JUL 99 Licenciatura em Medicina \u2013 Faculdade de Medicina da Universidade do Porto<\/p>\n<\/div>\n<\/div>\n<\/div>\n<\/div>\n<p>[\/vc_column_text][\/vc_column][vc_column width=&#8221;1\/6&#8243;][\/vc_column][\/vc_row][vc_row full_width=&#8221;stretch_row_content&#8221; gap=&#8221;30&#8243; overlay_opacity=&#8221;&#8221; css=&#8221;.vc_custom_1604479763510{padding-top: 60px !important;padding-bottom: 60px !important;}&#8221;][vc_column width=&#8221;1\/6&#8243;][\/vc_column][vc_column width=&#8221;2\/3&#8243;][vc_column_text]<\/p>\n<h3 style=\"text-align: center;\">Experi\u00eancia Profissional<\/h3>\n<p>[\/vc_column_text][\/vc_column][vc_column width=&#8221;1\/6&#8243;][\/vc_column][\/vc_row][vc_row full_width=&#8221;stretch_row_content&#8221; gap=&#8221;20&#8243;][vc_column width=&#8221;1\/6&#8243;][\/vc_column][vc_column width=&#8221;1\/6&#8243;][vc_single_image image=&#8221;2057&#8243; img_size=&#8221;84&#215;100&#8243; alignment=&#8221;right&#8221;][\/vc_column][vc_column width=&#8221;1\/2&#8243;][vc_column_text]<strong>14 JUL 14 \u2013 ATUAL \u2013 Gondomar, Portugal<\/strong> INTERNISTA \u2013 Hospital Escola da Universidade Fernando Pessoa Func\u0327o\u0303es cli\u0301nicas no Servic\u0327o de Urge\u0302ncia, internamento e consulta.<\/p>\n<p><strong>JUL 14 \u2013 AGO 20<\/strong> COORDENADORA CLI\u0301NICA &#8211; UNIDADE DE CONVALESCENC\u0327A, REABILITAC\u0327A\u0303O E MANUTENC\u0327A\u0303O \u2013 Hospital Escola da Universidade Fernando Pessoa. Coordenac\u0327a\u0303o cli\u0301nica de unidade de prestac\u0327a\u0303o de cuidados privada, vocacionada para a convalescenc\u0327a e reabilitac\u0327a\u0303o de patologia me\u0301dica e\/ou ciru\u0301rgica<\/p>\n<p><strong>18 \u2013 20 \u2013 Porto<\/strong> INTERNISTA \u2013 Hospital de Santa Maria. Unidade de Doente Cri\u0301tico (Interme\u0301dios e Intensivos)<\/p>\n<p><strong>08 \u2013 ATUAL <\/strong>FORMADORA EM EMERGE\u0302NCIA \u2013 REANIMA Formac\u0327a\u0303o em Suporte Ba\u0301sico, Imediato e Avanc\u0327ado de Vida (BLS, ILS e ALS)<\/p>\n<p><strong>SET 10 \u2013 MAI 14<\/strong> INTERNISTA \u2013 ULS Matosinhos. Especialista de Medicina Interna na Unidade de Cuidados Interme\u0301dios Polivalente e Unidade de Dor Tora\u0301cica<\/p>\n<p><strong>FEV 08 \u2013 SET 10 <\/strong>INTERNISTA \u2013 ULS Matosinhos. Func\u0327o\u0303es no Servic\u0327o de Urge\u0302ncia, Internamento, Reside\u0302ncia e Consulta. Internamento maioritariamente da a\u0301rea cardiolo\u0301gica.<\/p>\n<p><strong>12 \u2013 14 <\/strong>INTERNISTA \u2013 Hospital Escola da Universidade Fernando Pessoa Func\u0327o\u0303es no Servic\u0327o de Urge\u0302ncia e Reside\u0302ncia<\/p>\n<p><strong>10 \u2013 13 <\/strong>INTERNISTA \u2013 Hospital Privado de Alfena Func\u0327o\u0303es no Servic\u0327o de Urge\u0302ncia e Reside\u0302ncia<\/p>\n<p><strong>05 \u2013 07 <\/strong>ME\u0301DICA GENERALISTA \u2013 Hospital da Prelada<br \/>\nReside\u0302ncia em Instituic\u0327a\u0303o Hospitalar com atividade essencialmente ciru\u0301rgica e com Unidade de Queimados.<\/p>\n<p><strong>05 \u2013 08 <\/strong>ME\u0301DICA GENERALISTA \u2013 Casa de Sau\u0301de da Boavista Unidade de Cuidados Intensivos e Internamento<\/p>\n<p><strong>01 \u2013 02<\/strong> ME\u0301DICA GENERALISTA \u2013 Casa de Sau\u0301de da Boavista Servic\u0327o de Atendimento Permanente<\/p>\n<p><strong>06 \u2013 08<\/strong> FORMADOR EM EMERGE\u0302NCIA \u2013 SALVA-VIDAS. Formac\u0327a\u0303o em Suporte Ba\u0301sico, Imediato e Avanc\u0327ado de Vida (BLS, ILS e ALS)<br \/>\n[\/vc_column_text][\/vc_column][vc_column width=&#8221;1\/6&#8243;][\/vc_column][\/vc_row]<\/div>\n","protected":false},"excerpt":{"rendered":"<p>[vc_row full_width=&#8221;stretch_row_content&#8221; gap=&#8221;20&#8243; equal_height=&#8221;yes&#8221; content_placement=&#8221;bottom&#8221; overlay_opacity=&#8221;&#8221; bg_fixed=&#8221;true&#8221; css=&#8221;.vc_custom_1608649462542{margin-top: -120px !important;padding-top: 200px !important;padding-bottom: 60px !important;background-image: url(https:\/\/cmpitalia.com\/wp-content\/uploads\/2019\/10\/image-from-rawpixel-id-513487-jpeg.jpg?id=1883) !important;background-position: center !important;background-repeat: no-repeat !important;background-size: cover !important;}&#8221;][vc_column width=&#8221;1\/6&#8243;][\/vc_column][vc_column width=&#8221;1\/3&#8243;][vc_column_text] Dra Rubina Cla\u0301udia Andrade e Silva [\/vc_column_text][vc_empty_space height=&#8221;20px&#8221;][\/vc_column][vc_column width=&#8221;1\/3&#8243;][vc_single_image image=&#8221;2163&#8243; img_size=&#8221;200&#8243;][\/vc_column][vc_column width=&#8221;1\/6&#8243;][\/vc_column][\/vc_row][vc_row full_width=&#8221;stretch_row_content&#8221; gap=&#8221;20&#8243; content_placement=&#8221;middle&#8221; overlay_opacity=&#8221;&#8221; css=&#8221;.vc_custom_1604403798837{padding-top: 60px !important;padding-bottom: 60px !important;background-color: #8fd974 !important;}&#8221;][vc_column width=&#8221;1\/6&#8243;][\/vc_column][vc_column width=&#8221;1\/3&#8243;][vc_single_image image=&#8221;2026&#8243; img_size=&#8221;100&#8243; alignment=&#8221;right&#8221; css=&#8221;.vc_custom_1604403678052{padding-right: 60px !important;}&#8221;][\/vc_column][vc_column<\/p>\n","protected":false},"author":1,"featured_media":0,"parent":0,"menu_order":0,"comment_status":"closed","ping_status":"closed","template":"","meta":{"footnotes":""},"_links":{"self":[{"href":"https:\/\/www.cmpitalia.com\/index.php?rest_route=\/wp\/v2\/pages\/2204"}],"collection":[{"href":"https:\/\/www.cmpitalia.com\/index.php?rest_route=\/wp\/v2\/pages"}],"about":[{"href":"https:\/\/www.cmpitalia.com\/index.php?rest_route=\/wp\/v2\/types\/page"}],"author":[{"embeddable":true,"href":"https:\/\/www.cmpitalia.com\/index.php?rest_route=\/wp\/v2\/users\/1"}],"replies":[{"embeddable":true,"href":"https:\/\/www.cmpitalia.com\/index.php?rest_route=%2Fwp%2Fv2%2Fcomments&post=2204"}],"version-history":[{"count":3,"href":"https:\/\/www.cmpitalia.com\/index.php?rest_route=\/wp\/v2\/pages\/2204\/revisions"}],"predecessor-version":[{"id":2207,"href":"https:\/\/www.cmpitalia.com\/index.php?rest_route=\/wp\/v2\/pages\/2204\/revisions\/2207"}],"wp:attachment":[{"href":"https:\/\/www.cmpitalia.com\/index.php?rest_route=%2Fwp%2Fv2%2Fmedia&parent=2204"}],"curies":[{"name":"wp","href":"https:\/\/api.w.org\/{rel}","templated":true}]}}